{"id":5168,"date":"2018-03-16T15:55:59","date_gmt":"2018-03-16T14:55:59","guid":{"rendered":"https:\/\/inandout-records.com\/profile"},"modified":"2023-03-09T10:32:54","modified_gmt":"2023-03-09T09:32:54","slug":"ueber-uns","status":"publish","type":"page","link":"https:\/\/inandout-records.com\/de\/ueber-uns","title":{"rendered":"\u00dcber uns"},"content":{"rendered":"<div class=\"inner-content\"><div class=\"iao-field-wrapper heading no-margin\"><div class=\"heading\"><h2>IN+OUT RECORDS<\/h2><\/div><\/div><div class=\"iao-field-wrapper no-margin\"><div class=\"text\"><div class=\"text-inner\"><p>IN+OUT RECORDS, eines der renommiertesten deutschen Independent Jazz Labels, genie\u00dft einen beispielhaften Ruf als Produzent von Jazzalben h\u00f6chster musikalischer und technischer Qualit\u00e4t.<\/p>\n<p>Ziel des 1988 in der Universit\u00e4tsstadt Freiburg gegr\u00fcndeten Labels ist es, Ton- und Videoaufnahmen von innovativer zeitgen\u00f6ssischer Jazzmusik mit modernster Technik zu produzieren. Benannt wurde das Unternehmen nach dem Blue-Note-Album von Joe Henderson aus dem Jahr 1964, f\u00fcr das IN+OUT-Gesch\u00e4ftsf\u00fchrer Frank Kleinschmidt eine tiefe Affinit\u00e4t hat. IN+OUT hat sich hohe Ziele gesteckt, und wenn man sich die Reaktionen der Kritiker auf die bisherigen Ver\u00f6ffentlichungen anschaut, sowohl was die Klangqualit\u00e4t der Aufnahmen als auch den musikalischen Inhalt betrifft, dann ist es gelungen, dieses Ziel zu erreichen.<\/p>\n<p>&nbsp;<\/p>\n<\/div><\/div><\/div><div class=\"iao-field-wrapper heading no-margin\"><div class=\"heading\"><h2>AUDIOPHILE EDITION<\/h2><\/div><\/div><div class=\"iao-field-wrapper no-margin\"><div class=\"text\"><div class=\"text-inner\"><p>IN+OUT Records ist eine der wenigen Plattenfirmen, die heute noch hochwertige Vinyl-Alben als besonderen Service f\u00fcr LP-Liebhaber produzieren. Diese hochmodernen audiophilen Pressungen werden in limitierter Auflage produziert und auf Premium-Vinyl gepresst, das 30% dicker ist als die normale LP-Scheibe. Diese audiophilen Aufnahmen, die etwas mehr kosten als gew\u00f6hnliche Vinyl-LPs, werden als Antwort auf die gro\u00dfe Zahl von Jazz-Plattensammlern herausgegeben, die das traditionelle LP-Format bevorzugen und gleichzeitig h\u00f6chste Anspr\u00fcche an die Wiedergabequalit\u00e4t stellen. Diese einzigartigen LPs werden speziell f\u00fcr IN+OUT Records von Unternehmen in Deutschland hergestellt, die seit einem halben Jahrhundert einen ausgezeichneten Ruf f\u00fcr hervorragende Qualit\u00e4t haben.<\/p>\n<\/div><\/div><\/div><\/div>","protected":false},"excerpt":{"rendered":"<p>IN+OUT RECORDSIN+OUT RECORDS, eines der renommiertesten deutschen Independent Jazz Labels, genie\u00dft einen beispielhaften Ruf als Produzent von Jazzalben h\u00f6chster musikalischer und technischer Qualit\u00e4t. Ziel des 1988 in der Universit\u00e4tsstadt Freiburg gegr\u00fcndeten Labels ist es, Ton- und Videoaufnahmen von innovativer zeitgen\u00f6ssischer Jazzmusik mit modernster Technik zu produzieren. Benannt wurde das Unternehmen nach dem Blue-Note-Album von Joe [&hellip;]<\/p>\n","protected":false},"author":1,"featured_media":0,"parent":0,"menu_order":0,"comment_status":"closed","ping_status":"closed","template":"","meta":[],"acf":[],"yoast_head":"<!-- This site is optimized with the Yoast SEO plugin v21.1 - https:\/\/yoast.com\/wordpress\/plugins\/seo\/ -->\n<title>\u00dcber uns - IN+OUT Records GmbH<\/title>\n<meta name=\"robots\" content=\"index, follow, max-snippet:-1, max-image-preview:large, max-video-preview:-1\" \/>\n<link rel=\"canonical\" href=\"https:\/\/inandout-records.com\/de\/ueber-uns\" \/>\n<meta property=\"og:locale\" content=\"de_DE\" \/>\n<meta property=\"og:type\" content=\"article\" \/>\n<meta property=\"og:title\" content=\"\u00dcber uns - IN+OUT Records GmbH\" \/>\n<meta property=\"og:description\" content=\"IN+OUT RECORDSIN+OUT RECORDS, eines der renommiertesten deutschen Independent Jazz Labels, genie\u00dft einen beispielhaften Ruf als Produzent von Jazzalben h\u00f6chster musikalischer und technischer Qualit\u00e4t. Ziel des 1988 in der Universit\u00e4tsstadt Freiburg gegr\u00fcndeten Labels ist es, Ton- und Videoaufnahmen von innovativer zeitgen\u00f6ssischer Jazzmusik mit modernster Technik zu produzieren. Benannt wurde das Unternehmen nach dem Blue-Note-Album von Joe [&hellip;]\" \/>\n<meta property=\"og:url\" content=\"https:\/\/inandout-records.com\/de\/ueber-uns\" \/>\n<meta property=\"og:site_name\" content=\"IN+OUT Records GmbH\" \/>\n<meta property=\"article:modified_time\" content=\"2023-03-09T09:32:54+00:00\" \/>\n<meta name=\"twitter:card\" content=\"summary_large_image\" \/>\n<script type=\"application\/ld+json\" class=\"yoast-schema-graph\">{\"@context\":\"https:\/\/schema.org\",\"@graph\":[{\"@type\":\"WebPage\",\"@id\":\"https:\/\/inandout-records.com\/de\/ueber-uns\",\"url\":\"https:\/\/inandout-records.com\/de\/ueber-uns\",\"name\":\"\u00dcber uns - IN+OUT Records GmbH\",\"isPartOf\":{\"@id\":\"https:\/\/inandout-records.com\/de#website\"},\"datePublished\":\"2018-03-16T14:55:59+00:00\",\"dateModified\":\"2023-03-09T09:32:54+00:00\",\"breadcrumb\":{\"@id\":\"https:\/\/inandout-records.com\/de\/ueber-uns#breadcrumb\"},\"inLanguage\":\"de\",\"potentialAction\":[{\"@type\":\"ReadAction\",\"target\":[\"https:\/\/inandout-records.com\/de\/ueber-uns\"]}]},{\"@type\":\"BreadcrumbList\",\"@id\":\"https:\/\/inandout-records.com\/de\/ueber-uns#breadcrumb\",\"itemListElement\":[{\"@type\":\"ListItem\",\"position\":1,\"name\":\"Home\",\"item\":\"https:\/\/inandout-records.com\/de\"},{\"@type\":\"ListItem\",\"position\":2,\"name\":\"\u00dcber uns\"}]},{\"@type\":\"WebSite\",\"@id\":\"https:\/\/inandout-records.com\/de#website\",\"url\":\"https:\/\/inandout-records.com\/de\",\"name\":\"IN+OUT Records GmbH\",\"description\":\"independent jazz label\",\"potentialAction\":[{\"@type\":\"SearchAction\",\"target\":{\"@type\":\"EntryPoint\",\"urlTemplate\":\"https:\/\/inandout-records.com\/de?s={search_term_string}\"},\"query-input\":\"required name=search_term_string\"}],\"inLanguage\":\"de\"}]}<\/script>\n<!-- \/ Yoast SEO plugin. -->","yoast_head_json":{"title":"\u00dcber uns - IN+OUT Records GmbH","robots":{"index":"index","follow":"follow","max-snippet":"max-snippet:-1","max-image-preview":"max-image-preview:large","max-video-preview":"max-video-preview:-1"},"canonical":"https:\/\/inandout-records.com\/de\/ueber-uns","og_locale":"de_DE","og_type":"article","og_title":"\u00dcber uns - IN+OUT Records GmbH","og_description":"IN+OUT RECORDSIN+OUT RECORDS, eines der renommiertesten deutschen Independent Jazz Labels, genie\u00dft einen beispielhaften Ruf als Produzent von Jazzalben h\u00f6chster musikalischer und technischer Qualit\u00e4t. Ziel des 1988 in der Universit\u00e4tsstadt Freiburg gegr\u00fcndeten Labels ist es, Ton- und Videoaufnahmen von innovativer zeitgen\u00f6ssischer Jazzmusik mit modernster Technik zu produzieren. Benannt wurde das Unternehmen nach dem Blue-Note-Album von Joe [&hellip;]","og_url":"https:\/\/inandout-records.com\/de\/ueber-uns","og_site_name":"IN+OUT Records GmbH","article_modified_time":"2023-03-09T09:32:54+00:00","twitter_card":"summary_large_image","schema":{"@context":"https:\/\/schema.org","@graph":[{"@type":"WebPage","@id":"https:\/\/inandout-records.com\/de\/ueber-uns","url":"https:\/\/inandout-records.com\/de\/ueber-uns","name":"\u00dcber uns - IN+OUT Records GmbH","isPartOf":{"@id":"https:\/\/inandout-records.com\/de#website"},"datePublished":"2018-03-16T14:55:59+00:00","dateModified":"2023-03-09T09:32:54+00:00","breadcrumb":{"@id":"https:\/\/inandout-records.com\/de\/ueber-uns#breadcrumb"},"inLanguage":"de","potentialAction":[{"@type":"ReadAction","target":["https:\/\/inandout-records.com\/de\/ueber-uns"]}]},{"@type":"BreadcrumbList","@id":"https:\/\/inandout-records.com\/de\/ueber-uns#breadcrumb","itemListElement":[{"@type":"ListItem","position":1,"name":"Home","item":"https:\/\/inandout-records.com\/de"},{"@type":"ListItem","position":2,"name":"\u00dcber uns"}]},{"@type":"WebSite","@id":"https:\/\/inandout-records.com\/de#website","url":"https:\/\/inandout-records.com\/de","name":"IN+OUT Records GmbH","description":"independent jazz label","potentialAction":[{"@type":"SearchAction","target":{"@type":"EntryPoint","urlTemplate":"https:\/\/inandout-records.com\/de?s={search_term_string}"},"query-input":"required name=search_term_string"}],"inLanguage":"de"}]}},"_links":{"self":[{"href":"https:\/\/inandout-records.com\/de\/wp-json\/wp\/v2\/pages\/5168"}],"collection":[{"href":"https:\/\/inandout-records.com\/de\/wp-json\/wp\/v2\/pages"}],"about":[{"href":"https:\/\/inandout-records.com\/de\/wp-json\/wp\/v2\/types\/page"}],"author":[{"embeddable":true,"href":"https:\/\/inandout-records.com\/de\/wp-json\/wp\/v2\/users\/1"}],"replies":[{"embeddable":true,"href":"https:\/\/inandout-records.com\/de\/wp-json\/wp\/v2\/comments?post=5168"}],"version-history":[{"count":8,"href":"https:\/\/inandout-records.com\/de\/wp-json\/wp\/v2\/pages\/5168\/revisions"}],"predecessor-version":[{"id":5358,"href":"https:\/\/inandout-records.com\/de\/wp-json\/wp\/v2\/pages\/5168\/revisions\/5358"}],"wp:attachment":[{"href":"https:\/\/inandout-records.com\/de\/wp-json\/wp\/v2\/media?parent=5168"}],"curies":[{"name":"wp","href":"https:\/\/api.w.org\/{rel}","templated":true}]}}