{"id":5377,"date":"2018-03-16T16:50:16","date_gmt":"2018-03-16T15:50:16","guid":{"rendered":"https:\/\/inandout-records.com\/agb"},"modified":"2023-03-15T18:26:11","modified_gmt":"2023-03-15T17:26:11","slug":"agb","status":"publish","type":"page","link":"https:\/\/inandout-records.com\/de\/agb","title":{"rendered":"AGB"},"content":{"rendered":"<div class=\"inner-content\"><div class=\"iao-field-wrapper heading no-margin\"><div class=\"heading\"><h2>Allgemeine Gesch\u00e4ftsbedingungen<\/h2><\/div><\/div><div class=\"iao-field-wrapper no-margin\"><div class=\"text\"><div class=\"text-inner\"><p><span style=\"font-family: helvetica, arial, sans-serif;\"><strong>\u00a7 1 Geltungsbereich<\/strong><\/span><br \/>\n<span style=\"font-family: helvetica, arial, sans-serif;\">F\u00fcr die Gesch\u00e4ftsbeziehung zwischen In+Out Records GmbH und dem Besteller gelten ausschlie\u00dflich die nachfolgenden Allgemeinen Gesch\u00e4ftsbedingungen in ihrer zum Zeitpunkt der Bestellung g\u00fcltigen Fassung. Abweichende Bedingungen des Bestellers erkennt In+Out Records GmbH nicht an, es sei denn, In+Out Records GmbH h\u00e4tte ausdr\u00fccklich schriftlich ihrer Geltung zugestimmt.<\/span><\/p>\n<p><span style=\"font-family: helvetica, arial, sans-serif;\"><strong>\u00a7 2 Vertragsschluss und R\u00fccktritt<\/strong><\/span><br \/>\n<span style=\"font-family: helvetica, arial, sans-serif;\">In+Out Records GmbH verpflichtet sich, die Bestellung des Bestellers zu den Bedingungen der Website anzunehmen. Bei Schreib-, Druck- und Rechenfehlern auf der Website ist In+Out Records GmbH zum R\u00fccktritt berechtigt. Sollten einzelne Titel tempor\u00e4r nicht lieferbar oder gestrichen sein, ist In+Out Records GmbH zum R\u00fccktritt berechtigt. In diesem Fall wird der Besteller unverz\u00fcglich dar\u00fcber informiert, dass das bestellte Produkt nicht zur Verf\u00fcgung steht. Der bereits bezahlte Kaufpreis wird unverz\u00fcglich erstattet.<\/span><br \/>\n<span style=\"font-family: helvetica, arial, sans-serif;\">Ein Widerrufsrecht des Bestellers besteht nicht bei Audio- oder Videoaufzeichnungen (z.B. CDs, Videokassetten, DVDs) oder Software, die vom Besteller entsiegelt worden ist, ferner nicht bei Leistungen, die online (z.B. Software zum Download) \u00fcbermittelt worden sind.<\/span><\/p>\n<p><span style=\"font-family: helvetica, arial, sans-serif;\"><strong>\u00a7 3 Lieferung<\/strong><\/span><br \/>\n<span style=\"font-family: helvetica, arial, sans-serif;\">Sofern nicht anders vereinbart, erfolgt die Lieferung ab Lager an die vom Besteller angegebene Lieferadresse. Angaben \u00fcber die Lieferfrist sind unverbindlich, soweit nicht ausnahmsweise der Liefertermin verbindlich zugesagt wurde.<\/span><\/p>\n<p><span style=\"font-family: helvetica, arial, sans-serif;\"><strong>\u00a7 4 F\u00e4lligkeit und Zahlung, Verzug<\/strong><\/span><br \/>\n<span style=\"font-family: helvetica, arial, sans-serif;\">Der Kaufpreis wird sofort mit Bestellung f\u00e4llig. Der Besteller kann den Kaufpreis per Rechnung (unter den in \u00a7 5 genannten Voraussetzungen), Kreditkarte oder Lastschriftverfahren zahlen. Kommt der Besteller in Zahlungsverzug, so ist In+Out Records GmbH berechtigt, Verzugszinsen in H\u00f6he von 5 % \u00fcber dem von der Europ\u00e4ischen Zentralbank bekannt gegebenen Basiszinssatz p.a. zu fordern. Falls In+Out Records GmbH ein h\u00f6herer Verzugsschaden nachweisbar entstanden ist, ist In+Out Records GmbH berechtigt, diesen geltend zu machen.<\/span><\/p>\n<p><span style=\"font-family: helvetica, arial, sans-serif;\"><strong>\u00a7 5 Besonderheiten beim Kauf auf Rechnung<\/strong><\/span><br \/>\n<span style=\"font-family: helvetica, arial, sans-serif;\">Zahlung auf Rechnung ist nur f\u00fcr Verbraucher ab 18 Jahren. Die Lieferadresse, die Hausanschrift und die Rechnungsadresse m\u00fcssen identisch sein und innerhalb Deutschlands liegen. F\u00fcr Leistungen, die online (z.B. Software zum Download) \u00fcbermittelt werden sowie f\u00fcr den Kauf von Gutscheinen ist die Zahlung auf Rechnung nicht m\u00f6glich. In+Out Records GmbH beh\u00e4lt sich vor, die Zahlungsweise &#8220;Rechnung&#8221; f\u00fcr bestimmte Bestellungen nicht zu akzeptieren und den Besteller stattdessen auf andere Zahlungsarten (z.B. Kreditkarte) zu verweisen. Der Rechnungsbetrag wird mit Erhalt der Rechnung f\u00e4llig.<\/span><br \/>\n<span style=\"font-family: helvetica, arial, sans-serif;\">Bei Zahlung auf Rechnung pr\u00fcft und bewertet In+Out Records GmbH die Datenangaben der Besteller und pflegt bei berechtigtem Anlass einen Datenaustausch mit anderen, Wirtschaftsauskunfteien ( z.B. Schufa, Creditreform etc). Das Ergebnis der Pr\u00fcfung hat nur Einfluss auf die Zahlungsweise, nicht auf die Lieferung an sich.<\/span><\/p>\n<p><span style=\"font-family: helvetica, arial, sans-serif;\"><strong>\u00a7 6 Aufrechnung, Zur\u00fcckbehaltung<\/strong><\/span><br \/>\n<span style=\"font-family: helvetica, arial, sans-serif;\">Ein Recht zur Aufrechnung steht dem Besteller nur zu, wenn seine Gegenanspr\u00fcche rechtskr\u00e4ftig festgestellt oder von In+Out Records GmbH anerkannt sind. Au\u00dferdem ist er zur Aus\u00fcbung eines Zur\u00fcckbehaltungsrechts nur insoweit befugt, als sein Gegenanspruch auf dem gleichen Vertragsverh\u00e4ltnis beruht.<\/span><\/p>\n<p><span style=\"font-family: helvetica, arial, sans-serif;\"><strong>\u00a7 7 Eigentumsvorbehalt<\/strong><\/span><br \/>\n<span style=\"font-family: helvetica, arial, sans-serif;\">Bis zur vollst\u00e4ndigen Begleichung aller gegen den Besteller bestehenden Anspr\u00fcche verbleibt die gelieferte Ware im Eigentum von In+Out Records GmbH.<\/span><\/p>\n<p><span style=\"font-family: helvetica, arial, sans-serif;\"><strong>\u00a7 8 M\u00e4ngelhaftung<\/strong><\/span><br \/>\n<span style=\"font-family: helvetica, arial, sans-serif;\">Liegt ein von In+Out Records GmbH zu vertretender Mangel der Kaufsache vor, kann der Besteller Nacherf\u00fcllung (M\u00e4ngelbeseitigung oder Ersatzlieferung) verlangen. Ist In+Out Records GmbH zur Nacherf\u00fcllung wegen Unverh\u00e4ltnism\u00e4\u00dfigkeit nicht in der Lage oder nicht bereit oder verz\u00f6gert sich diese \u00fcber angemessene Fristen hinaus aus Gr\u00fcnden, die In+Out Records GmbH zu vertreten hat oder schl\u00e4gt in sonstiger Weise die Nacherf\u00fcllung fehl, ist der Besteller nach seiner Wahl berechtigt, eine entsprechende Minderung des Kaufpreises zu verlangen oder vom Vertrag zur\u00fcckzutreten und Schadensersatz zu verlangen.<\/span><br \/>\n<span style=\"font-family: helvetica, arial, sans-serif;\">Soweit sich nachstehend nichts anderes ergibt, sind weitergehende Anspr\u00fcche des Bestellers &#8212; gleich aus welchen Rechtsgr\u00fcnden &#8212; ausgeschlossen. In+Out Records GmbH haftet deshalb nicht f\u00fcr Sch\u00e4den, die nicht am Liefergegenstand selbst entstanden sind; insbesondere haftet In+Out Records GmbH nicht f\u00fcr entgangenen Gewinn oder f\u00fcr sonstige Verm\u00f6genssch\u00e4den des Bestellers. Soweit die Haftung von In+Out Records GmbH ausgeschlossen oder beschr\u00e4nkt ist, gilt dies auch f\u00fcr die pers\u00f6nliche Haftung von Arbeitnehmern, Vertretern und Erf\u00fcllungsgehilfen.<\/span><br \/>\n<span style=\"font-family: helvetica, arial, sans-serif;\">Vorstehende Haftungsbeschr\u00e4nkung gilt nicht, soweit die Schadensursache auf Vorsatz oder grober Fahrl\u00e4ssigkeit beruht oder ein Personenschaden vorliegt. Sie gilt ferner dann nicht, wenn der Besteller Anspr\u00fcche aus \u00a7\u00a7 1, 4 Produkthaftungsgesetz geltend macht.<\/span><br \/>\n<span style=\"font-family: helvetica, arial, sans-serif;\">Sofern In+Out Records GmbH fahrl\u00e4ssig eine vertragswesentliche Pflicht verletzt, ist die Ersatzpflicht f\u00fcr Sachsch\u00e4den auf den typischerweise entstehenden Schaden beschr\u00e4nkt.<\/span><br \/>\n<span style=\"font-family: helvetica, arial, sans-serif;\">Die Verj\u00e4hrungsfrist betr\u00e4gt vierundzwanzig Monate, gerechnet ab Lieferung.<\/span><\/p>\n<p><span style=\"font-family: helvetica, arial, sans-serif;\"><strong>\u00a7 9 Datenschutz<\/strong><\/span><br \/>\n<span style=\"font-family: helvetica, arial, sans-serif;\">Der Besteller ist \u00fcber Art, Umfang, Ort und Zweck der Erhebung, Verarbeitung und Nutzung der f\u00fcr die Ausf\u00fchrung von Bestellungen, die Anmeldung zu dem E-Mail-Benachrichtigungsdienst, (IN+OUT Newsletter) ausf\u00fchrlich unterrichtet worden. Der Besteller stimmt dieser Erhebung, Verarbeitung und Nutzung personenbezogener Daten ausdr\u00fccklich zu. Dar\u00fcber hinaus werden s\u00e4mtliche Daten des Bestellers streng vertraulich und nicht an Dritte weitergegeben.<\/span><\/p>\n<p><span style=\"font-family: helvetica, arial, sans-serif;\"><strong>\u00a7 10 Anwendbares Recht<\/strong><\/span><br \/>\n<span style=\"font-family: helvetica, arial, sans-serif;\">Es gilt deutsches Recht unter Ausschluss des UN-Kaufrechts.<\/span><\/p>\n<\/div><\/div><\/div><\/div>","protected":false},"excerpt":{"rendered":"<p>Allgemeine Gesch\u00e4ftsbedingungen\u00a7 1 Geltungsbereich F\u00fcr die Gesch\u00e4ftsbeziehung zwischen In+Out Records GmbH und dem Besteller gelten ausschlie\u00dflich die nachfolgenden Allgemeinen Gesch\u00e4ftsbedingungen in ihrer zum Zeitpunkt der Bestellung g\u00fcltigen Fassung. Abweichende Bedingungen des Bestellers erkennt In+Out Records GmbH nicht an, es sei denn, In+Out Records GmbH h\u00e4tte ausdr\u00fccklich schriftlich ihrer Geltung zugestimmt. \u00a7 2 Vertragsschluss und R\u00fccktritt [&hellip;]<\/p>\n","protected":false},"author":1,"featured_media":0,"parent":0,"menu_order":0,"comment_status":"closed","ping_status":"closed","template":"","meta":[],"acf":[],"yoast_head":"<!-- This site is optimized with the Yoast SEO plugin v21.1 - https:\/\/yoast.com\/wordpress\/plugins\/seo\/ -->\n<title>AGB - IN+OUT Records GmbH<\/title>\n<meta name=\"robots\" content=\"index, follow, max-snippet:-1, max-image-preview:large, max-video-preview:-1\" \/>\n<link rel=\"canonical\" href=\"https:\/\/inandout-records.com\/de\/agb\" \/>\n<meta property=\"og:locale\" content=\"de_DE\" \/>\n<meta property=\"og:type\" content=\"article\" \/>\n<meta property=\"og:title\" content=\"AGB - IN+OUT Records GmbH\" \/>\n<meta property=\"og:description\" content=\"Allgemeine Gesch\u00e4ftsbedingungen\u00a7 1 Geltungsbereich F\u00fcr die Gesch\u00e4ftsbeziehung zwischen In+Out Records GmbH und dem Besteller gelten ausschlie\u00dflich die nachfolgenden Allgemeinen Gesch\u00e4ftsbedingungen in ihrer zum Zeitpunkt der Bestellung g\u00fcltigen Fassung. Abweichende Bedingungen des Bestellers erkennt In+Out Records GmbH nicht an, es sei denn, In+Out Records GmbH h\u00e4tte ausdr\u00fccklich schriftlich ihrer Geltung zugestimmt. \u00a7 2 Vertragsschluss und R\u00fccktritt [&hellip;]\" \/>\n<meta property=\"og:url\" content=\"https:\/\/inandout-records.com\/de\/agb\" \/>\n<meta property=\"og:site_name\" content=\"IN+OUT Records GmbH\" \/>\n<meta property=\"article:modified_time\" content=\"2023-03-15T17:26:11+00:00\" \/>\n<meta name=\"twitter:card\" content=\"summary_large_image\" \/>\n<script type=\"application\/ld+json\" class=\"yoast-schema-graph\">{\"@context\":\"https:\/\/schema.org\",\"@graph\":[{\"@type\":\"WebPage\",\"@id\":\"https:\/\/inandout-records.com\/de\/agb\",\"url\":\"https:\/\/inandout-records.com\/de\/agb\",\"name\":\"AGB - IN+OUT Records GmbH\",\"isPartOf\":{\"@id\":\"https:\/\/inandout-records.com\/de#website\"},\"datePublished\":\"2018-03-16T15:50:16+00:00\",\"dateModified\":\"2023-03-15T17:26:11+00:00\",\"breadcrumb\":{\"@id\":\"https:\/\/inandout-records.com\/de\/agb#breadcrumb\"},\"inLanguage\":\"de\",\"potentialAction\":[{\"@type\":\"ReadAction\",\"target\":[\"https:\/\/inandout-records.com\/de\/agb\"]}]},{\"@type\":\"BreadcrumbList\",\"@id\":\"https:\/\/inandout-records.com\/de\/agb#breadcrumb\",\"itemListElement\":[{\"@type\":\"ListItem\",\"position\":1,\"name\":\"Home\",\"item\":\"https:\/\/inandout-records.com\/de\"},{\"@type\":\"ListItem\",\"position\":2,\"name\":\"AGB\"}]},{\"@type\":\"WebSite\",\"@id\":\"https:\/\/inandout-records.com\/de#website\",\"url\":\"https:\/\/inandout-records.com\/de\",\"name\":\"IN+OUT Records GmbH\",\"description\":\"independent jazz label\",\"potentialAction\":[{\"@type\":\"SearchAction\",\"target\":{\"@type\":\"EntryPoint\",\"urlTemplate\":\"https:\/\/inandout-records.com\/de?s={search_term_string}\"},\"query-input\":\"required name=search_term_string\"}],\"inLanguage\":\"de\"}]}<\/script>\n<!-- \/ Yoast SEO plugin. -->","yoast_head_json":{"title":"AGB - IN+OUT Records GmbH","robots":{"index":"index","follow":"follow","max-snippet":"max-snippet:-1","max-image-preview":"max-image-preview:large","max-video-preview":"max-video-preview:-1"},"canonical":"https:\/\/inandout-records.com\/de\/agb","og_locale":"de_DE","og_type":"article","og_title":"AGB - IN+OUT Records GmbH","og_description":"Allgemeine Gesch\u00e4ftsbedingungen\u00a7 1 Geltungsbereich F\u00fcr die Gesch\u00e4ftsbeziehung zwischen In+Out Records GmbH und dem Besteller gelten ausschlie\u00dflich die nachfolgenden Allgemeinen Gesch\u00e4ftsbedingungen in ihrer zum Zeitpunkt der Bestellung g\u00fcltigen Fassung. Abweichende Bedingungen des Bestellers erkennt In+Out Records GmbH nicht an, es sei denn, In+Out Records GmbH h\u00e4tte ausdr\u00fccklich schriftlich ihrer Geltung zugestimmt. \u00a7 2 Vertragsschluss und R\u00fccktritt [&hellip;]","og_url":"https:\/\/inandout-records.com\/de\/agb","og_site_name":"IN+OUT Records GmbH","article_modified_time":"2023-03-15T17:26:11+00:00","twitter_card":"summary_large_image","schema":{"@context":"https:\/\/schema.org","@graph":[{"@type":"WebPage","@id":"https:\/\/inandout-records.com\/de\/agb","url":"https:\/\/inandout-records.com\/de\/agb","name":"AGB - IN+OUT Records GmbH","isPartOf":{"@id":"https:\/\/inandout-records.com\/de#website"},"datePublished":"2018-03-16T15:50:16+00:00","dateModified":"2023-03-15T17:26:11+00:00","breadcrumb":{"@id":"https:\/\/inandout-records.com\/de\/agb#breadcrumb"},"inLanguage":"de","potentialAction":[{"@type":"ReadAction","target":["https:\/\/inandout-records.com\/de\/agb"]}]},{"@type":"BreadcrumbList","@id":"https:\/\/inandout-records.com\/de\/agb#breadcrumb","itemListElement":[{"@type":"ListItem","position":1,"name":"Home","item":"https:\/\/inandout-records.com\/de"},{"@type":"ListItem","position":2,"name":"AGB"}]},{"@type":"WebSite","@id":"https:\/\/inandout-records.com\/de#website","url":"https:\/\/inandout-records.com\/de","name":"IN+OUT Records GmbH","description":"independent jazz label","potentialAction":[{"@type":"SearchAction","target":{"@type":"EntryPoint","urlTemplate":"https:\/\/inandout-records.com\/de?s={search_term_string}"},"query-input":"required name=search_term_string"}],"inLanguage":"de"}]}},"_links":{"self":[{"href":"https:\/\/inandout-records.com\/de\/wp-json\/wp\/v2\/pages\/5377"}],"collection":[{"href":"https:\/\/inandout-records.com\/de\/wp-json\/wp\/v2\/pages"}],"about":[{"href":"https:\/\/inandout-records.com\/de\/wp-json\/wp\/v2\/types\/page"}],"author":[{"embeddable":true,"href":"https:\/\/inandout-records.com\/de\/wp-json\/wp\/v2\/users\/1"}],"replies":[{"embeddable":true,"href":"https:\/\/inandout-records.com\/de\/wp-json\/wp\/v2\/comments?post=5377"}],"version-history":[{"count":11,"href":"https:\/\/inandout-records.com\/de\/wp-json\/wp\/v2\/pages\/5377\/revisions"}],"predecessor-version":[{"id":5394,"href":"https:\/\/inandout-records.com\/de\/wp-json\/wp\/v2\/pages\/5377\/revisions\/5394"}],"wp:attachment":[{"href":"https:\/\/inandout-records.com\/de\/wp-json\/wp\/v2\/media?parent=5377"}],"curies":[{"name":"wp","href":"https:\/\/api.w.org\/{rel}","templated":true}]}}