{"id":5422,"date":"2023-03-31T11:51:16","date_gmt":"2023-03-31T09:51:16","guid":{"rendered":"https:\/\/inandout-records.com\/?page_id=5422"},"modified":"2023-12-14T09:57:24","modified_gmt":"2023-12-14T08:57:24","slug":"widerrufsrecht-musterwiderrufsformular","status":"publish","type":"page","link":"https:\/\/inandout-records.com\/de\/widerrufsrecht-musterwiderrufsformular","title":{"rendered":"Widerrufsrecht \/ Musterwiderrufsformular"},"content":{"rendered":"<div class=\"inner-content\"><div class=\"iao-field-wrapper heading no-margin\"><div class=\"heading\"><h2>1. Widerrufsbelehrung<\/h2><\/div><\/div><div class=\"iao-field-wrapper no-margin\"><div class=\"text\"><div class=\"text-inner\"><p><span style=\"font-size: 14pt;\"><strong>Widerrufsrecht<\/strong><\/span><\/p>\n<p>Sie haben das Recht, binnen vierzehn Tagen ohne Angabe von Gr\u00fcnden diesen Vertrag zu widerrufen. Die Widerrufsfrist betr\u00e4gt vierzehn Tage ab dem Tag an dem Sie oder ein von Ihnen benannter Dritter, der nicht der Bef\u00f6rderer ist, die Waren in Besitz genommen haben bzw. hat.<\/p>\n<p>Um Ihr Widerrufsrecht auszu\u00fcben, m\u00fcssen Sie uns<\/p>\n<p>IN &amp; OUT RECORDS Schallplatten und Vertriebs GmbH<br \/>\nKlarastr. 45<br \/>\n79106 Freiburg i.Br.<br \/>\nTel.: +49 (0) 761-20 23 647<br \/>\nE-Mail: info@inandout-records.com<\/p>\n<p>mittels einer eindeutigen Erkl\u00e4rung (z.B. ein mit der Post versandter Brief, ein Telefonat oder eine E-Mail) \u00fcber Ihren Entschluss, diesen Vertrag zu widerrufen, informieren. Sie k\u00f6nnen daf\u00fcr das beigef\u00fcgte Muster-Widerrufsformular verwenden, das jedoch nicht vorgeschrieben ist.<br \/>\nZur Wahrung der Widerrufsfrist reicht es aus, dass Sie die Mitteilung \u00fcber die Aus\u00fcbung des Widerrufsrechts vor Ablauf der Widerrufsfrist absenden.<\/p>\n<p>&nbsp;<\/p>\n<p><span style=\"font-size: 14pt;\"><strong>Folgen des Widerrufs<\/strong><\/span><\/p>\n<p>Wenn Sie diesen Vertrag widerrufen, haben wir Ihnen alle Zahlungen, die wir von Ihnen erhalten haben, einschlie\u00dflich der Lieferkosten (mit Ausnahme der zus\u00e4tzlichen Kosten, die sich daraus ergeben, dass Sie eine andere Art der Lieferung als die von uns angebotene, g\u00fcnstigste Standardlieferung gew\u00e4hlt haben), unverz\u00fcglich und sp\u00e4testens binnen vierzehn Tagen ab dem Tag zur\u00fcckzahlen, an dem die Mitteilung \u00fcber Ihren Widerruf dieses Vertrages bei uns eingegangen ist. F\u00fcr diese R\u00fcckzahlung verwenden wir dasselbe Zahlungsmittel, das Sie bei der urspr\u00fcnglichen Transaktion eingesetzt haben, es sei denn, mit Ihnen wurde ausdr\u00fccklich etwas anderes vereinbart; in keinem Fall werden Ihnen wegen dieser R\u00fcckzahlung Entgelte berechnet.<br \/>\nWir k\u00f6nnen die R\u00fcckzahlung verweigern, bis wir die Waren wieder zur\u00fcckerhalten haben oder bis Sie den Nachweis erbracht haben, dass Sie die Waren zur\u00fcckgesandt haben, je nachdem, welches der fr\u00fchere Zeitpunkt ist.<br \/>\nSie haben die Waren unverz\u00fcglich und in jedem Fall sp\u00e4testens binnen vierzehn Tagen ab dem Tag, an dem Sie uns \u00fcber den Widerruf dieses Vertrags unterrichten, an uns zur\u00fcckzusenden oder zu \u00fcbergeben. Die Frist ist gewahrt, wenn Sie die Waren vor Ablauf der Frist von vierzehn Tagen absenden. Die Kosten der R\u00fccksendung der Waren tr\u00e4gt der Verbraucher.<br \/>\nSie m\u00fcssen f\u00fcr einen etwaigen Wertverlust der Waren nur aufkommen, wenn dieser Wertverlust auf einen zur Pr\u00fcfung der Beschaffenheit, Eigenschaften und Funktionsweise der Waren nicht notwendigen Umgang mit ihnen zur\u00fcckzuf\u00fchren ist.<\/p>\n<p>&nbsp;<\/p>\n<p><span style=\"font-size: 14pt;\"><strong>Ausschluss des Widerrufsrechts<\/strong><\/span><\/p>\n<p>Das Widerrufsrecht besteht gem\u00e4\u00df \u00a7 312g BGB unter anderem nicht<\/p>\n<p>a) bei der Lieferung von Waren, die nicht vorgefertigt sind und f\u00fcr deren Herstellung eine individuelle Auswahl oder Bestimmung durch den Verbraucher ma\u00dfgeblich ist oder die eindeutig auf die pers\u00f6nlichen Bed\u00fcrfnisse zugeschnitten sind und<br \/>\nb) bei der Lieferung versiegelter Waren, die aus Gr\u00fcnden des Gesundheitsschutzes oder der Hygiene nicht zur R\u00fcckgabe geeignet sind, wenn ihre Versiegelung nach der Lieferung entfernt wurde;<br \/>\nc) bei der Lieferung von Ton- oder Videoaufnahmen oder Computersoftware in einer versiegelten Packung, wenn die Versiegelung nach der Lieferung entfernt wurde oder<br \/>\nd) bei der Erbringung von Dienstleistungen im Zusammenhang mit Freizeitbet\u00e4tigungen (z.B. Konzert- oder Veranstaltungstickets).<\/p>\n<\/div><\/div><\/div><div class=\"iao-field-wrapper heading no-margin\"><div class=\"heading\"><h2>2. Musterwiderrufsformular<\/h2><\/div><\/div><div class=\"iao-field-wrapper no-margin\"><div class=\"text\"><div class=\"text-inner\"><p>Wenn Sie den Vertrag widerrufen wollen, dann f\u00fcllen Sie bitte <a href=\"https:\/\/inandout-records.com\/wp-content\/uploads\/2023\/03\/Musterwiderrufsformular.pdf\" target=\"_blank\" rel=\"noopener\">dieses Formular<\/a> aus und senden es zur\u00fcck an:<\/p>\n<p>IN &amp; OUT RECORDS Schallplatten und Vertriebs GmbH<br \/>\nKlarastr. 45<br \/>\n79106 Freiburg i.Br.<\/p>\n<p>oder per Mail an:<\/p>\n<p>info@inandout-records.com<\/p>\n<p>Sie k\u00f6nnen den Vertrag auch formlos auf dem Postweg, durch ein Telefonat oder eine E-Mail widerrufen.<\/p>\n<\/div><\/div><\/div><\/div>","protected":false},"excerpt":{"rendered":"<p>1. WiderrufsbelehrungWiderrufsrecht Sie haben das Recht, binnen vierzehn Tagen ohne Angabe von Gr\u00fcnden diesen Vertrag zu widerrufen. Die Widerrufsfrist betr\u00e4gt vierzehn Tage ab dem Tag an dem Sie oder ein von Ihnen benannter Dritter, der nicht der Bef\u00f6rderer ist, die Waren in Besitz genommen haben bzw. hat. Um Ihr Widerrufsrecht auszu\u00fcben, m\u00fcssen Sie uns IN [&hellip;]<\/p>\n","protected":false},"author":2,"featured_media":0,"parent":0,"menu_order":0,"comment_status":"closed","ping_status":"closed","template":"","meta":[],"acf":[],"yoast_head":"<!-- This site is optimized with the Yoast SEO plugin v21.1 - https:\/\/yoast.com\/wordpress\/plugins\/seo\/ -->\n<title>Widerrufsrecht \/ Musterwiderrufsformular - IN+OUT Records GmbH<\/title>\n<meta name=\"robots\" content=\"index, follow, max-snippet:-1, max-image-preview:large, max-video-preview:-1\" \/>\n<link rel=\"canonical\" href=\"https:\/\/inandout-records.com\/de\/widerrufsrecht-musterwiderrufsformular\" \/>\n<meta property=\"og:locale\" content=\"de_DE\" \/>\n<meta property=\"og:type\" content=\"article\" \/>\n<meta property=\"og:title\" content=\"Widerrufsrecht \/ Musterwiderrufsformular - IN+OUT Records GmbH\" \/>\n<meta property=\"og:description\" content=\"1. WiderrufsbelehrungWiderrufsrecht Sie haben das Recht, binnen vierzehn Tagen ohne Angabe von Gr\u00fcnden diesen Vertrag zu widerrufen. Die Widerrufsfrist betr\u00e4gt vierzehn Tage ab dem Tag an dem Sie oder ein von Ihnen benannter Dritter, der nicht der Bef\u00f6rderer ist, die Waren in Besitz genommen haben bzw. hat. Um Ihr Widerrufsrecht auszu\u00fcben, m\u00fcssen Sie uns IN [&hellip;]\" \/>\n<meta property=\"og:url\" content=\"https:\/\/inandout-records.com\/de\/widerrufsrecht-musterwiderrufsformular\" \/>\n<meta property=\"og:site_name\" content=\"IN+OUT Records GmbH\" \/>\n<meta property=\"article:modified_time\" content=\"2023-12-14T08:57:24+00:00\" \/>\n<meta name=\"twitter:card\" content=\"summary_large_image\" \/>\n<script type=\"application\/ld+json\" class=\"yoast-schema-graph\">{\"@context\":\"https:\/\/schema.org\",\"@graph\":[{\"@type\":\"WebPage\",\"@id\":\"https:\/\/inandout-records.com\/de\/widerrufsrecht-musterwiderrufsformular\",\"url\":\"https:\/\/inandout-records.com\/de\/widerrufsrecht-musterwiderrufsformular\",\"name\":\"Widerrufsrecht \/ Musterwiderrufsformular - IN+OUT Records GmbH\",\"isPartOf\":{\"@id\":\"https:\/\/inandout-records.com\/de#website\"},\"datePublished\":\"2023-03-31T09:51:16+00:00\",\"dateModified\":\"2023-12-14T08:57:24+00:00\",\"breadcrumb\":{\"@id\":\"https:\/\/inandout-records.com\/de\/widerrufsrecht-musterwiderrufsformular#breadcrumb\"},\"inLanguage\":\"de\",\"potentialAction\":[{\"@type\":\"ReadAction\",\"target\":[\"https:\/\/inandout-records.com\/de\/widerrufsrecht-musterwiderrufsformular\"]}]},{\"@type\":\"BreadcrumbList\",\"@id\":\"https:\/\/inandout-records.com\/de\/widerrufsrecht-musterwiderrufsformular#breadcrumb\",\"itemListElement\":[{\"@type\":\"ListItem\",\"position\":1,\"name\":\"Home\",\"item\":\"https:\/\/inandout-records.com\/de\"},{\"@type\":\"ListItem\",\"position\":2,\"name\":\"Widerrufsrecht \/ Musterwiderrufsformular\"}]},{\"@type\":\"WebSite\",\"@id\":\"https:\/\/inandout-records.com\/de#website\",\"url\":\"https:\/\/inandout-records.com\/de\",\"name\":\"IN+OUT Records GmbH\",\"description\":\"independent jazz label\",\"potentialAction\":[{\"@type\":\"SearchAction\",\"target\":{\"@type\":\"EntryPoint\",\"urlTemplate\":\"https:\/\/inandout-records.com\/de?s={search_term_string}\"},\"query-input\":\"required name=search_term_string\"}],\"inLanguage\":\"de\"}]}<\/script>\n<!-- \/ Yoast SEO plugin. -->","yoast_head_json":{"title":"Widerrufsrecht \/ Musterwiderrufsformular - IN+OUT Records GmbH","robots":{"index":"index","follow":"follow","max-snippet":"max-snippet:-1","max-image-preview":"max-image-preview:large","max-video-preview":"max-video-preview:-1"},"canonical":"https:\/\/inandout-records.com\/de\/widerrufsrecht-musterwiderrufsformular","og_locale":"de_DE","og_type":"article","og_title":"Widerrufsrecht \/ Musterwiderrufsformular - IN+OUT Records GmbH","og_description":"1. WiderrufsbelehrungWiderrufsrecht Sie haben das Recht, binnen vierzehn Tagen ohne Angabe von Gr\u00fcnden diesen Vertrag zu widerrufen. Die Widerrufsfrist betr\u00e4gt vierzehn Tage ab dem Tag an dem Sie oder ein von Ihnen benannter Dritter, der nicht der Bef\u00f6rderer ist, die Waren in Besitz genommen haben bzw. hat. Um Ihr Widerrufsrecht auszu\u00fcben, m\u00fcssen Sie uns IN [&hellip;]","og_url":"https:\/\/inandout-records.com\/de\/widerrufsrecht-musterwiderrufsformular","og_site_name":"IN+OUT Records GmbH","article_modified_time":"2023-12-14T08:57:24+00:00","twitter_card":"summary_large_image","schema":{"@context":"https:\/\/schema.org","@graph":[{"@type":"WebPage","@id":"https:\/\/inandout-records.com\/de\/widerrufsrecht-musterwiderrufsformular","url":"https:\/\/inandout-records.com\/de\/widerrufsrecht-musterwiderrufsformular","name":"Widerrufsrecht \/ Musterwiderrufsformular - IN+OUT Records GmbH","isPartOf":{"@id":"https:\/\/inandout-records.com\/de#website"},"datePublished":"2023-03-31T09:51:16+00:00","dateModified":"2023-12-14T08:57:24+00:00","breadcrumb":{"@id":"https:\/\/inandout-records.com\/de\/widerrufsrecht-musterwiderrufsformular#breadcrumb"},"inLanguage":"de","potentialAction":[{"@type":"ReadAction","target":["https:\/\/inandout-records.com\/de\/widerrufsrecht-musterwiderrufsformular"]}]},{"@type":"BreadcrumbList","@id":"https:\/\/inandout-records.com\/de\/widerrufsrecht-musterwiderrufsformular#breadcrumb","itemListElement":[{"@type":"ListItem","position":1,"name":"Home","item":"https:\/\/inandout-records.com\/de"},{"@type":"ListItem","position":2,"name":"Widerrufsrecht \/ Musterwiderrufsformular"}]},{"@type":"WebSite","@id":"https:\/\/inandout-records.com\/de#website","url":"https:\/\/inandout-records.com\/de","name":"IN+OUT Records GmbH","description":"independent jazz label","potentialAction":[{"@type":"SearchAction","target":{"@type":"EntryPoint","urlTemplate":"https:\/\/inandout-records.com\/de?s={search_term_string}"},"query-input":"required name=search_term_string"}],"inLanguage":"de"}]}},"_links":{"self":[{"href":"https:\/\/inandout-records.com\/de\/wp-json\/wp\/v2\/pages\/5422"}],"collection":[{"href":"https:\/\/inandout-records.com\/de\/wp-json\/wp\/v2\/pages"}],"about":[{"href":"https:\/\/inandout-records.com\/de\/wp-json\/wp\/v2\/types\/page"}],"author":[{"embeddable":true,"href":"https:\/\/inandout-records.com\/de\/wp-json\/wp\/v2\/users\/2"}],"replies":[{"embeddable":true,"href":"https:\/\/inandout-records.com\/de\/wp-json\/wp\/v2\/comments?post=5422"}],"version-history":[{"count":9,"href":"https:\/\/inandout-records.com\/de\/wp-json\/wp\/v2\/pages\/5422\/revisions"}],"predecessor-version":[{"id":5967,"href":"https:\/\/inandout-records.com\/de\/wp-json\/wp\/v2\/pages\/5422\/revisions\/5967"}],"wp:attachment":[{"href":"https:\/\/inandout-records.com\/de\/wp-json\/wp\/v2\/media?parent=5422"}],"curies":[{"name":"wp","href":"https:\/\/api.w.org\/{rel}","templated":true}]}}