{"id":3531,"date":"2022-05-13T12:45:27","date_gmt":"2022-05-13T10:45:27","guid":{"rendered":"https:\/\/inandout-records.com\/?post_type=product&#038;p=3531"},"modified":"2025-07-07T09:56:53","modified_gmt":"2025-07-07T07:56:53","slug":"sibylle-zerrpicture-infinitymarshall-allen-the-sun-ra-arkestra-book","status":"publish","type":"product","link":"https:\/\/inandout-records.com\/de\/product\/sibylle-zerrpicture-infinitymarshall-allen-the-sun-ra-arkestra-book","title":{"rendered":"Sibylle Zerr<br>Picture Infinity [Book]<br>Marshall Allen &#038; The Sun Ra Arkestra"},"content":{"rendered":"<p><span style=\"font-size: 12pt; color: #000000;\">SIBYLLE ZERR<\/span><\/p>\n<p><span style=\"font-size: 12pt; color: #000000;\">\u2022 Picture Infinity \u2022<\/span><\/p>\n<p><em><span style=\"font-size: 12pt; color: #000000;\">Marshall Allen &amp; The Sun Ra Arkestra \u2013<br \/>\nDie Jazz Monographie zur legend\u00e4ren Bigband und ihrem einzigartigen Maestro<\/span><\/em><\/p>\n<p><span style=\"font-size: 10pt; color: #000000;\">Buch, gebunden (Hardcover), 152 Seiten und 86 Fotografien<\/span><br \/>\n<span style=\"font-size: 10pt; color: #000000;\">In Englischer Sprache<\/span><\/p>\n<p><span style=\"font-size: 12pt; color: #000000;\">ISBN 978-3-00-035497-7<\/span><\/p>\n<p><span style=\"font-size: 12pt; color: #000000;\">Der Multi-Instrumentalist Marshall Allen geh\u00f6rt zu den markantesten Stimmen im Jazz. Sein eruptives Altsaxophon pr\u00e4gt den Klang des Sun Ra Arkestras, jenes spektakul\u00e4ren Afro-Amerikanischen Ensembles, dem er sich 1958 angeschlossen hat. In der Nachfolge des sagenumwobenen Bandgr\u00fcnders Sun Ra, der bereits zu Lebzeiten ein Mythos war und nach seinem Tod 1993 endg\u00fcltig entr\u00fcckte, leitet Marshall Allen die Bigband seit 1995. In der Obhut des 97-J\u00e4hrigen hat das Sun Ra Arkestra nicht nur alle Gezeiten des Jazz \u00fcberdauert, sondern genie\u00dft bis heute Kultstatus und begeistert neben einer eingeschworenen Fangemeinde ein zunehmend junges Publikum.<\/span><\/p>\n<p><span style=\"font-size: 12pt; color: #000000;\"><i>Tats\u00e4chlich male ich Bilder der Unendlichkeit mit meiner Musik und so k\u00f6nnen viele Menschen sie nicht verstehen<\/i>, sagte Sun Ra, dessen Werk zweifellos zum Kanon der Musik des 20. Jahrhunderts geh\u00f6rt \u2013 und dennoch kaum festzuschreiben ist. Seiner Band gab der begnadete Pianist, Komponist und Arrangeur viele Namen als er sie um 1952 gr\u00fcndete; immer aber nannte er sie \u201eArkestra\u201c, gedacht als Symbiose aus Arche und Orchester, als Institution, die aus der Vergangenheit in die Zukunft steuert. Das Arkestra ist Sun Ras Verm\u00e4chtnis. Seine Musiker verk\u00f6rpern Sun Ras Schaffen bis heute und sie vermitteln ihr Wissen an die kommende Generation. Marshall Allen hat die Methode des Mastermind bewahrt. Und so ist das Arkestra unter seiner Leitung tats\u00e4chlich unbeschadet im 21. Jahrhundert angekommen \u2013 Arche Noah und avant-garde Projekt in einem, Stammzelle, Wurzel und Triebspitze des Jazz.Sibylle Zerr portraitiert die Bigband aus Philadelphia in einer Zeitspanne von acht Jahren. Bewusst bleibt ihre Monographie fragmentarisch, als Sammlung von Fotos, Zitaten und Essays, die fortgeschrieben werden k\u00f6nnte. Damit macht sie das Mysterium dieser Musik anschaulich, und mithin Sun Ras Verm\u00e4chtnis greifbar, ohne es zu \u00fcberh\u00f6hen oder zu entzaubern.<\/span><\/p>\n","protected":false},"excerpt":{"rendered":"<p>SIBYLLE ZERR \u2022 Picture Infinity \u2022 Marshall Allen &amp; The Sun Ra Arkestra \u2013 Die Jazz Monographie zur legend\u00e4ren Bigband und ihrem einzigartigen Maestro Buch, gebunden (Hardcover), 152 Seiten und 86 Fotografien In Englischer Sprache ISBN 978-3-00-035497-7 Der Multi-Instrumentalist Marshall Allen geh\u00f6rt zu den markantesten Stimmen im Jazz. Sein eruptives Altsaxophon pr\u00e4gt den Klang des [&hellip;]<\/p>\n","protected":false},"featured_media":3528,"comment_status":"open","ping_status":"closed","template":"","meta":[],"acf":[],"yoast_head":"<!-- This site is optimized with the Yoast SEO plugin v21.1 - https:\/\/yoast.com\/wordpress\/plugins\/seo\/ -->\n<title>Sibylle ZerrPicture Infinity [Book]Marshall Allen &amp; The Sun Ra Arkestra - IN+OUT Records GmbH<\/title>\n<meta name=\"robots\" content=\"index, follow, max-snippet:-1, max-image-preview:large, max-video-preview:-1\" \/>\n<link rel=\"canonical\" href=\"https:\/\/inandout-records.com\/de\/product\/sibylle-zerrpicture-infinitymarshall-allen-the-sun-ra-arkestra-book\" \/>\n<meta property=\"og:locale\" content=\"de_DE\" \/>\n<meta property=\"og:type\" content=\"article\" \/>\n<meta property=\"og:title\" content=\"Sibylle ZerrPicture Infinity [Book]Marshall Allen &amp; The Sun Ra Arkestra - IN+OUT Records GmbH\" \/>\n<meta property=\"og:description\" content=\"SIBYLLE ZERR \u2022 Picture Infinity \u2022 Marshall Allen &amp; The Sun Ra Arkestra \u2013 Die Jazz Monographie zur legend\u00e4ren Bigband und ihrem einzigartigen Maestro Buch, gebunden (Hardcover), 152 Seiten und 86 Fotografien In Englischer Sprache ISBN 978-3-00-035497-7 Der Multi-Instrumentalist Marshall Allen geh\u00f6rt zu den markantesten Stimmen im Jazz. Sein eruptives Altsaxophon pr\u00e4gt den Klang des [&hellip;]\" \/>\n<meta property=\"og:url\" content=\"https:\/\/inandout-records.com\/de\/product\/sibylle-zerrpicture-infinitymarshall-allen-the-sun-ra-arkestra-book\" \/>\n<meta property=\"og:site_name\" content=\"IN+OUT Records GmbH\" \/>\n<meta property=\"article:modified_time\" content=\"2025-07-07T07:56:53+00:00\" \/>\n<meta property=\"og:image\" content=\"https:\/\/inandout-records.com\/wp-content\/uploads\/2022\/05\/pi_cover1.jpg\" \/>\n\t<meta property=\"og:image:width\" content=\"434\" \/>\n\t<meta property=\"og:image:height\" content=\"609\" \/>\n\t<meta property=\"og:image:type\" content=\"image\/jpeg\" \/>\n<meta name=\"twitter:card\" content=\"summary_large_image\" \/>\n<meta name=\"twitter:label1\" content=\"Gesch\u00e4tzte Lesezeit\" \/>\n\t<meta name=\"twitter:data1\" content=\"2\u00a0Minuten\" \/>\n<script type=\"application\/ld+json\" class=\"yoast-schema-graph\">{\"@context\":\"https:\/\/schema.org\",\"@graph\":[{\"@type\":\"WebPage\",\"@id\":\"https:\/\/inandout-records.com\/de\/product\/sibylle-zerrpicture-infinitymarshall-allen-the-sun-ra-arkestra-book\",\"url\":\"https:\/\/inandout-records.com\/de\/product\/sibylle-zerrpicture-infinitymarshall-allen-the-sun-ra-arkestra-book\",\"name\":\"Sibylle Zerr Picture Infinity [Book] Marshall Allen & The Sun Ra Arkestra - IN+OUT Records GmbH\",\"isPartOf\":{\"@id\":\"https:\/\/inandout-records.com\/de#website\"},\"datePublished\":\"2022-05-13T10:45:27+00:00\",\"dateModified\":\"2025-07-07T07:56:53+00:00\",\"breadcrumb\":{\"@id\":\"https:\/\/inandout-records.com\/de\/product\/sibylle-zerrpicture-infinitymarshall-allen-the-sun-ra-arkestra-book#breadcrumb\"},\"inLanguage\":\"de\",\"potentialAction\":[{\"@type\":\"ReadAction\",\"target\":[\"https:\/\/inandout-records.com\/de\/product\/sibylle-zerrpicture-infinitymarshall-allen-the-sun-ra-arkestra-book\"]}]},{\"@type\":\"BreadcrumbList\",\"@id\":\"https:\/\/inandout-records.com\/de\/product\/sibylle-zerrpicture-infinitymarshall-allen-the-sun-ra-arkestra-book#breadcrumb\",\"itemListElement\":[{\"@type\":\"ListItem\",\"position\":1,\"name\":\"Home\",\"item\":\"https:\/\/inandout-records.com\/de\"},{\"@type\":\"ListItem\",\"position\":2,\"name\":\"Shop\",\"item\":\"https:\/\/inandout-records.com\/de\/shop-2\"},{\"@type\":\"ListItem\",\"position\":3,\"name\":\"Sibylle ZerrPicture Infinity [Book]Marshall Allen &#038; The Sun Ra Arkestra\"}]},{\"@type\":\"WebSite\",\"@id\":\"https:\/\/inandout-records.com\/de#website\",\"url\":\"https:\/\/inandout-records.com\/de\",\"name\":\"IN+OUT Records GmbH\",\"description\":\"independent jazz label\",\"potentialAction\":[{\"@type\":\"SearchAction\",\"target\":{\"@type\":\"EntryPoint\",\"urlTemplate\":\"https:\/\/inandout-records.com\/de?s={search_term_string}\"},\"query-input\":\"required name=search_term_string\"}],\"inLanguage\":\"de\"}]}<\/script>\n<!-- \/ Yoast SEO plugin. -->","yoast_head_json":{"title":"Sibylle ZerrPicture Infinity [Book]Marshall Allen & The Sun Ra Arkestra - IN+OUT Records GmbH","robots":{"index":"index","follow":"follow","max-snippet":"max-snippet:-1","max-image-preview":"max-image-preview:large","max-video-preview":"max-video-preview:-1"},"canonical":"https:\/\/inandout-records.com\/de\/product\/sibylle-zerrpicture-infinitymarshall-allen-the-sun-ra-arkestra-book","og_locale":"de_DE","og_type":"article","og_title":"Sibylle ZerrPicture Infinity [Book]Marshall Allen & The Sun Ra Arkestra - IN+OUT Records GmbH","og_description":"SIBYLLE ZERR \u2022 Picture Infinity \u2022 Marshall Allen &amp; The Sun Ra Arkestra \u2013 Die Jazz Monographie zur legend\u00e4ren Bigband und ihrem einzigartigen Maestro Buch, gebunden (Hardcover), 152 Seiten und 86 Fotografien In Englischer Sprache ISBN 978-3-00-035497-7 Der Multi-Instrumentalist Marshall Allen geh\u00f6rt zu den markantesten Stimmen im Jazz. Sein eruptives Altsaxophon pr\u00e4gt den Klang des [&hellip;]","og_url":"https:\/\/inandout-records.com\/de\/product\/sibylle-zerrpicture-infinitymarshall-allen-the-sun-ra-arkestra-book","og_site_name":"IN+OUT Records GmbH","article_modified_time":"2025-07-07T07:56:53+00:00","og_image":[{"width":434,"height":609,"url":"https:\/\/inandout-records.com\/wp-content\/uploads\/2022\/05\/pi_cover1.jpg","type":"image\/jpeg"}],"twitter_card":"summary_large_image","twitter_misc":{"Gesch\u00e4tzte Lesezeit":"2\u00a0Minuten"},"schema":{"@context":"https:\/\/schema.org","@graph":[{"@type":"WebPage","@id":"https:\/\/inandout-records.com\/de\/product\/sibylle-zerrpicture-infinitymarshall-allen-the-sun-ra-arkestra-book","url":"https:\/\/inandout-records.com\/de\/product\/sibylle-zerrpicture-infinitymarshall-allen-the-sun-ra-arkestra-book","name":"Sibylle Zerr Picture Infinity [Book] Marshall Allen & The Sun Ra Arkestra - IN+OUT Records GmbH","isPartOf":{"@id":"https:\/\/inandout-records.com\/de#website"},"datePublished":"2022-05-13T10:45:27+00:00","dateModified":"2025-07-07T07:56:53+00:00","breadcrumb":{"@id":"https:\/\/inandout-records.com\/de\/product\/sibylle-zerrpicture-infinitymarshall-allen-the-sun-ra-arkestra-book#breadcrumb"},"inLanguage":"de","potentialAction":[{"@type":"ReadAction","target":["https:\/\/inandout-records.com\/de\/product\/sibylle-zerrpicture-infinitymarshall-allen-the-sun-ra-arkestra-book"]}]},{"@type":"BreadcrumbList","@id":"https:\/\/inandout-records.com\/de\/product\/sibylle-zerrpicture-infinitymarshall-allen-the-sun-ra-arkestra-book#breadcrumb","itemListElement":[{"@type":"ListItem","position":1,"name":"Home","item":"https:\/\/inandout-records.com\/de"},{"@type":"ListItem","position":2,"name":"Shop","item":"https:\/\/inandout-records.com\/de\/shop-2"},{"@type":"ListItem","position":3,"name":"Sibylle ZerrPicture Infinity [Book]Marshall Allen &#038; The Sun Ra Arkestra"}]},{"@type":"WebSite","@id":"https:\/\/inandout-records.com\/de#website","url":"https:\/\/inandout-records.com\/de","name":"IN+OUT Records GmbH","description":"independent jazz label","potentialAction":[{"@type":"SearchAction","target":{"@type":"EntryPoint","urlTemplate":"https:\/\/inandout-records.com\/de?s={search_term_string}"},"query-input":"required name=search_term_string"}],"inLanguage":"de"}]}},"_links":{"self":[{"href":"https:\/\/inandout-records.com\/de\/wp-json\/wp\/v2\/product\/3531"}],"collection":[{"href":"https:\/\/inandout-records.com\/de\/wp-json\/wp\/v2\/product"}],"about":[{"href":"https:\/\/inandout-records.com\/de\/wp-json\/wp\/v2\/types\/product"}],"replies":[{"embeddable":true,"href":"https:\/\/inandout-records.com\/de\/wp-json\/wp\/v2\/comments?post=3531"}],"wp:featuredmedia":[{"embeddable":true,"href":"https:\/\/inandout-records.com\/de\/wp-json\/wp\/v2\/media\/3528"}],"wp:attachment":[{"href":"https:\/\/inandout-records.com\/de\/wp-json\/wp\/v2\/media?parent=3531"}],"curies":[{"name":"wp","href":"https:\/\/api.w.org\/{rel}","templated":true}]}}