{"id":7057,"date":"2025-11-10T15:21:04","date_gmt":"2025-11-10T14:21:04","guid":{"rendered":"https:\/\/inandout-records.com\/?post_type=product&#038;p=7057"},"modified":"2025-11-17T12:39:42","modified_gmt":"2025-11-17T11:39:42","slug":"7057","status":"publish","type":"product","link":"https:\/\/inandout-records.com\/de\/product\/7057","title":{"rendered":"SUPER BUNDLE SUN RA ARKESTRA [4x2LP+Book]"},"content":{"rendered":"<p>Sun Ra Arkestra<br \/>\nBUNDLE<\/p>\n<p>2LP:<br \/>\nSun Ra Arkestra<br \/>\n\u2022 Lights On A Satellite \u2022<\/p>\n<p>Lights On A Satellite \u2022 Dorothy\u00b4s Dance \u2022 Big John\u00b4s Special \u2022<br \/>\nImages \u2022 Friendly Galaxy \u2022 Baby Won\u00b4t You Please Be Mine \u2022<br \/>\nHoliday For Strings \u2022 Tapestry From An Asteroid \u2022<br \/>\nReflects Motion \u2022 Joy Delight \u2022 Way Down Yonder In New Orleans<\/p>\n<p>Double Vinyl Album, Black Vinyl<br \/>\nDouble Vinyl Album, Coloured Vinyl, Orange\/Magenta Transparent, limited to 1500 copies<br \/>\nDouble Vinyl Album, Crystal Clear Vinyl, handsigned &amp; handnumbered, limited to 999 copies<\/p>\n<p>&nbsp;<\/p>\n<p>2LP:<br \/>\nSun Ra Arkestra<br \/>\n\u2022 Babylon Live \u2022<\/p>\n<p>Astro Black \u2022 RA #2 \u2022 Saturn \u2022 Discipline 27B \u2022 Stardust \u2022 Care Free #2 \u2022<br \/>\nSometimes I\u00b4m Happy \u2022 Dancing Shadows \u2022 Satellites Are Spinning<\/p>\n<p>Double Vinyl Album, Black Vinyl, handsigned &amp; handnumbered, limited to 1999 copies<\/p>\n<p>&nbsp;<\/p>\n<p>BOOK:<br \/>\nSibylle Zerr<br \/>\n\u2022 Picture Infinity \u2022<br \/>\nMarshall Allen &amp; The Sun Ra Arkestra<\/p>\n<p>Language: english<\/p>\n<p>Der Multi-Instrumentalist Marshall Allen geh\u00f6rt zu den markantesten Stimmen im Jazz. Sein eruptives Altsaxophon pr\u00e4gt den Klang des Sun Ra Arkestras, jenes spektakul\u00e4ren Afro-Amerikanischen Ensembles, dem er sich 1958 angeschlossen hat. In der Nachfolge des sagenumwobenen Bandgr\u00fcnders Sun Ra, der bereits zu Lebzeiten ein Mythos war und nach seinem Tod 1993 endg\u00fcltig entr\u00fcckte, leitet Marshall Allen die Bigband seit 1995. In der Obhut des 97-J\u00e4hrigen hat das Sun Ra Arkestra nicht nur alle Gezeiten des Jazz \u00fcberdauert, sondern genie\u00dft bis heute Kultstatus und begeistert neben einer eingeschworenen Fangemeinde ein zunehmend junges Publikum.<\/p>\n<p>Tats\u00e4chlich male ich Bilder der Unendlichkeit mit meiner Musik und so k\u00f6nnen viele Menschen sie nicht verstehen, sagte Sun Ra, dessen Werk zweifellos zum Kanon der Musik des 20. Jahrhunderts geh\u00f6rt \u2013 und dennoch kaum festzuschreiben ist. Seiner Band gab der begnadete Pianist, Komponist und Arrangeur viele Namen als er sie um 1952 gr\u00fcndete; immer aber nannte er sie \u201eArkestra\u201c, gedacht als Symbiose aus Arche und Orchester, als Institution, die aus der Vergangenheit in die Zukunft steuert. Das Arkestra ist Sun Ras Verm\u00e4chtnis. Seine Musiker verk\u00f6rpern Sun Ras Schaffen bis heute und sie vermitteln ihr Wissen an die kommende Generation. Marshall Allen hat die Methode des Mastermind bewahrt. Und so ist das Arkestra unter seiner Leitung tats\u00e4chlich unbeschadet im 21. Jahrhundert angekommen \u2013 Arche Noah und avant-garde Projekt in einem, Stammzelle, Wurzel und Triebspitze des Jazz.Sibylle Zerr portraitiert die Bigband aus Philadelphia in einer Zeitspanne von acht Jahren. Bewusst bleibt ihre Monographie fragmentarisch, als Sammlung von Fotos, Zitaten und Essays, die fortgeschrieben werden k\u00f6nnte. Damit macht sie das Mysterium dieser Musik anschaulich, und mithin Sun Ras Verm\u00e4chtnis greifbar, ohne es zu \u00fcberh\u00f6hen oder zu entzaubern.<\/p>\n<p>Buch, gebunden (Hardcover), 152 Seiten und 86 Fotografien<br \/>\nIn Englischer Sprache<\/p>\n","protected":false},"excerpt":{"rendered":"<p><span style=\"color: #ff0000;\">THIS PRODUCT IS NOT DISCOUNTABLE!<\/span><br \/>\n<span style=\"color: #ff0000;\">DIESES PRODUKT IST NICHT RABATTF\u00c4HIG!<\/span><\/p>\n","protected":false},"featured_media":7080,"comment_status":"open","ping_status":"closed","template":"","meta":[],"acf":[],"yoast_head":"<!-- This site is optimized with the Yoast SEO plugin v21.1 - https:\/\/yoast.com\/wordpress\/plugins\/seo\/ -->\n<title>SUPER BUNDLE SUN RA ARKESTRA [4x2LP+Book] - IN+OUT Records GmbH<\/title>\n<meta name=\"robots\" content=\"index, follow, max-snippet:-1, max-image-preview:large, max-video-preview:-1\" \/>\n<link rel=\"canonical\" href=\"https:\/\/inandout-records.com\/de\/product\/7057\" \/>\n<meta property=\"og:locale\" content=\"de_DE\" \/>\n<meta property=\"og:type\" content=\"article\" \/>\n<meta property=\"og:title\" content=\"SUPER BUNDLE SUN RA ARKESTRA [4x2LP+Book] - IN+OUT Records GmbH\" \/>\n<meta property=\"og:description\" content=\"THIS PRODUCT IS NOT DISCOUNTABLE! DIESES PRODUKT IST NICHT RABATTF\u00c4HIG!\" \/>\n<meta property=\"og:url\" content=\"https:\/\/inandout-records.com\/de\/product\/7057\" \/>\n<meta property=\"og:site_name\" content=\"IN+OUT Records GmbH\" \/>\n<meta property=\"article:modified_time\" content=\"2025-11-17T11:39:42+00:00\" \/>\n<meta property=\"og:image\" content=\"https:\/\/inandout-records.com\/wp-content\/uploads\/2025\/11\/Flyer-Sun-Ra-Grammy-Bundle-Shop-2.jpg\" \/>\n\t<meta property=\"og:image:width\" content=\"791\" \/>\n\t<meta property=\"og:image:height\" content=\"783\" \/>\n\t<meta property=\"og:image:type\" content=\"image\/jpeg\" \/>\n<meta name=\"twitter:card\" content=\"summary_large_image\" \/>\n<meta name=\"twitter:label1\" content=\"Gesch\u00e4tzte Lesezeit\" \/>\n\t<meta name=\"twitter:data1\" content=\"2\u00a0Minuten\" \/>\n<script type=\"application\/ld+json\" class=\"yoast-schema-graph\">{\"@context\":\"https:\/\/schema.org\",\"@graph\":[{\"@type\":\"WebPage\",\"@id\":\"https:\/\/inandout-records.com\/de\/product\/7057\",\"url\":\"https:\/\/inandout-records.com\/de\/product\/7057\",\"name\":\"SUPER BUNDLE SUN RA ARKESTRA [4x2LP+Book] - IN+OUT Records GmbH\",\"isPartOf\":{\"@id\":\"https:\/\/inandout-records.com\/de#website\"},\"datePublished\":\"2025-11-10T14:21:04+00:00\",\"dateModified\":\"2025-11-17T11:39:42+00:00\",\"breadcrumb\":{\"@id\":\"https:\/\/inandout-records.com\/de\/product\/7057#breadcrumb\"},\"inLanguage\":\"de\",\"potentialAction\":[{\"@type\":\"ReadAction\",\"target\":[\"https:\/\/inandout-records.com\/de\/product\/7057\"]}]},{\"@type\":\"BreadcrumbList\",\"@id\":\"https:\/\/inandout-records.com\/de\/product\/7057#breadcrumb\",\"itemListElement\":[{\"@type\":\"ListItem\",\"position\":1,\"name\":\"Home\",\"item\":\"https:\/\/inandout-records.com\/de\"},{\"@type\":\"ListItem\",\"position\":2,\"name\":\"Shop\",\"item\":\"https:\/\/inandout-records.com\/de\/shop-2\"},{\"@type\":\"ListItem\",\"position\":3,\"name\":\"SUPER BUNDLE SUN RA ARKESTRA [4x2LP+Book]\"}]},{\"@type\":\"WebSite\",\"@id\":\"https:\/\/inandout-records.com\/de#website\",\"url\":\"https:\/\/inandout-records.com\/de\",\"name\":\"IN+OUT Records GmbH\",\"description\":\"independent jazz label\",\"potentialAction\":[{\"@type\":\"SearchAction\",\"target\":{\"@type\":\"EntryPoint\",\"urlTemplate\":\"https:\/\/inandout-records.com\/de?s={search_term_string}\"},\"query-input\":\"required name=search_term_string\"}],\"inLanguage\":\"de\"}]}<\/script>\n<!-- \/ Yoast SEO plugin. -->","yoast_head_json":{"title":"SUPER BUNDLE SUN RA ARKESTRA [4x2LP+Book] - IN+OUT Records GmbH","robots":{"index":"index","follow":"follow","max-snippet":"max-snippet:-1","max-image-preview":"max-image-preview:large","max-video-preview":"max-video-preview:-1"},"canonical":"https:\/\/inandout-records.com\/de\/product\/7057","og_locale":"de_DE","og_type":"article","og_title":"SUPER BUNDLE SUN RA ARKESTRA [4x2LP+Book] - IN+OUT Records GmbH","og_description":"THIS PRODUCT IS NOT DISCOUNTABLE! DIESES PRODUKT IST NICHT RABATTF\u00c4HIG!","og_url":"https:\/\/inandout-records.com\/de\/product\/7057","og_site_name":"IN+OUT Records GmbH","article_modified_time":"2025-11-17T11:39:42+00:00","og_image":[{"width":791,"height":783,"url":"https:\/\/inandout-records.com\/wp-content\/uploads\/2025\/11\/Flyer-Sun-Ra-Grammy-Bundle-Shop-2.jpg","type":"image\/jpeg"}],"twitter_card":"summary_large_image","twitter_misc":{"Gesch\u00e4tzte Lesezeit":"2\u00a0Minuten"},"schema":{"@context":"https:\/\/schema.org","@graph":[{"@type":"WebPage","@id":"https:\/\/inandout-records.com\/de\/product\/7057","url":"https:\/\/inandout-records.com\/de\/product\/7057","name":"SUPER BUNDLE SUN RA ARKESTRA [4x2LP+Book] - IN+OUT Records GmbH","isPartOf":{"@id":"https:\/\/inandout-records.com\/de#website"},"datePublished":"2025-11-10T14:21:04+00:00","dateModified":"2025-11-17T11:39:42+00:00","breadcrumb":{"@id":"https:\/\/inandout-records.com\/de\/product\/7057#breadcrumb"},"inLanguage":"de","potentialAction":[{"@type":"ReadAction","target":["https:\/\/inandout-records.com\/de\/product\/7057"]}]},{"@type":"BreadcrumbList","@id":"https:\/\/inandout-records.com\/de\/product\/7057#breadcrumb","itemListElement":[{"@type":"ListItem","position":1,"name":"Home","item":"https:\/\/inandout-records.com\/de"},{"@type":"ListItem","position":2,"name":"Shop","item":"https:\/\/inandout-records.com\/de\/shop-2"},{"@type":"ListItem","position":3,"name":"SUPER BUNDLE SUN RA ARKESTRA [4x2LP+Book]"}]},{"@type":"WebSite","@id":"https:\/\/inandout-records.com\/de#website","url":"https:\/\/inandout-records.com\/de","name":"IN+OUT Records GmbH","description":"independent jazz label","potentialAction":[{"@type":"SearchAction","target":{"@type":"EntryPoint","urlTemplate":"https:\/\/inandout-records.com\/de?s={search_term_string}"},"query-input":"required name=search_term_string"}],"inLanguage":"de"}]}},"_links":{"self":[{"href":"https:\/\/inandout-records.com\/de\/wp-json\/wp\/v2\/product\/7057"}],"collection":[{"href":"https:\/\/inandout-records.com\/de\/wp-json\/wp\/v2\/product"}],"about":[{"href":"https:\/\/inandout-records.com\/de\/wp-json\/wp\/v2\/types\/product"}],"replies":[{"embeddable":true,"href":"https:\/\/inandout-records.com\/de\/wp-json\/wp\/v2\/comments?post=7057"}],"wp:featuredmedia":[{"embeddable":true,"href":"https:\/\/inandout-records.com\/de\/wp-json\/wp\/v2\/media\/7080"}],"wp:attachment":[{"href":"https:\/\/inandout-records.com\/de\/wp-json\/wp\/v2\/media?parent=7057"}],"curies":[{"name":"wp","href":"https:\/\/api.w.org\/{rel}","templated":true}]}}